{"id":12,"date":"2026-04-30T09:15:21","date_gmt":"2026-04-30T09:15:21","guid":{"rendered":"https:\/\/www.briketipood.ee\/?post_type=product&#038;p=12"},"modified":"2026-05-09T19:52:43","modified_gmt":"2026-05-09T16:52:43","slug":"puidugraanulid-b-klass","status":"publish","type":"product","link":"https:\/\/briketipood.ee\/en\/product\/puidugraanulid-b-klass\/","title":{"rendered":"Puidugraanulid"},"content":{"rendered":"<div class=\"et_pb_section_0 et_pb_section et_section_regular et_block_section\">\r\n\r\n<div class=\"et_pb_row_0 et_pb_row et_block_row\">\r\n\r\n<div class=\"et_pb_column_0 et_pb_column et_pb_column_4_4 et-last-child et_block_column et_pb_css_mix_blend_mode_passthrough\">\r\n\r\n\r\n\r\n<div class=\"et_pb_wc_cart_notice_0 et_pb_wc_cart_notice et_pb_fields_layout_default et_pb_module\"><div class=\"et_pb_module_inner\">\n\t<div class=\"woocommerce-message\" role=\"alert\">\n\t\t&ldquo;Product Name&rdquo; has been added to cart.\t<\/div>\n<\/div><\/div><\/div><\/div>\r\n\r\n<div class=\"et_pb_row_1 et_pb_row et_block_row\">\r\n\r\n<div class=\"et_pb_column_1 et_pb_column et_pb_column_1_2 et_block_column et_pb_css_mix_blend_mode_passthrough\">\r\n\r\n<div class=\"et_pb_wc_images_0 et_pb_wc_images et_pb_module\"><div class=\"et_pb_module_inner\"><\/div><\/div><\/div>\r\n\r\n<div class=\"et_pb_column_2 et_pb_column et_pb_column_1_2 et-last-child et_block_column et_pb_css_mix_blend_mode_passthrough\">\r\n\r\n<div class=\"et_pb_wc_title_0 et_pb_wc_title et_pb_bg_layout_light et_pb_module\"><div class=\"et_pb_module_inner\">\n\t\t<h1>Puidugraanulid<\/h1><\/div><\/div>\r\n\r\n\r\n\r\n\r\n\r\n\r\n\r\n\r\n\r\n<\/div><\/div>\r\n\r\n<div class=\"et_pb_row_2 et_pb_row et_block_row\">\r\n\r\n<div class=\"et_pb_column_3 et_pb_column et_pb_column_4_4 et-last-child et_block_column et_pb_css_mix_blend_mode_passthrough\">\r\n\r\n<div class=\"et_pb_wc_tabs_0 et_pb_wc_tabs et_pb_tabs et_pb_module\"><div class=\"et_pb_module_inner\"><ul class=\"et_pb_tabs_controls clearfix\"><\/ul><div class=\"et_pb_all_tabs\"><\/div><\/div><\/div>\r\n\r\n\r\n\r\n<\/div><\/div><\/div>","protected":false},"excerpt":{"rendered":"<p><strong class=\"Yjhzub\" data-sfc-root=\"c\" data-sfc-cb=\"\" data-complete=\"true\" data-processed=\"true\" data-copy-service-computed-style=\"font-family: &quot;Google Sans&quot;, Arial, sans-serif; font-size: 16px; font-weight: 600; margin: 0px; text-decoration: none; border-bottom: 0px rgb(10, 10, 10);\">B-klass<\/strong><\/p>\n<p><strong>B-klassi puidugraanulid ehk nn t\u00f6\u00f6stuslik pellet<\/strong> on laialdaselt kasutatav k\u00fctuseliik, mis pakub t\u00e4iuslikku tasakaalu soodsa hinna ja k\u00f5rge soojusenergia vahel. See k\u00fctus on suunatud eesk\u00e4tt neile, kelle k\u00fctteseadmed on tuhasuse suhtes v\u00e4hem tundlikud \u2013 n\u00e4iteks isepuhastuvate p\u00f5letitega katlad v\u00f5i suuremad t\u00f6\u00f6stuslikud s\u00fcsteemid. T\u00e4nu soodsale tonnihinnale on see eelistatud valik suurte pindade k\u00fctmisel, kus k\u00fctusekulu on m\u00e4rkimisv\u00e4\u00e4rne, kuid vajadus stabiilse soojuse j\u00e4rele p\u00fcsib suur.<br \/><strong class=\"Yjhzub\" data-sfc-root=\"c\" data-sfc-cb=\"\" data-complete=\"true\" data-processed=\"true\" data-copy-service-computed-style=\"font-family: &quot;Google Sans&quot;, Arial, sans-serif; font-size: 16px; font-weight: 600; margin: 0px; text-decoration: none; border-bottom: 0px rgb(10, 10, 10);\">T\u00c4HELEPANU! Kui sul on lihtne ja tundlik kodune pelletikamin, v\u00e4ldi B-klassi. Kui sul on v\u00f5imas t\u00f6\u00f6stuslikum katel, mis puhastab end ise, on see v\u00e4ga s\u00e4\u00e4stlik valik.<\/strong><\/p>","protected":false},"featured_media":0,"template":"","meta":{"_acf_changed":false},"product_brand":[],"product_cat":[16],"product_tag":[],"class_list":{"0":"post-12","1":"product","2":"type-product","3":"status-publish","5":"product_cat-pelletid","7":"first","8":"instock","9":"sale","10":"shipping-taxable","11":"purchasable","12":"product-type-simple"},"acf":[],"_links":{"self":[{"href":"https:\/\/briketipood.ee\/en\/wp-json\/wp\/v2\/product\/12","targetHints":{"allow":["GET"]}}],"collection":[{"href":"https:\/\/briketipood.ee\/en\/wp-json\/wp\/v2\/product"}],"about":[{"href":"https:\/\/briketipood.ee\/en\/wp-json\/wp\/v2\/types\/product"}],"wp:attachment":[{"href":"https:\/\/briketipood.ee\/en\/wp-json\/wp\/v2\/media?parent=12"}],"wp:term":[{"taxonomy":"product_brand","embeddable":true,"href":"https:\/\/briketipood.ee\/en\/wp-json\/wp\/v2\/product_brand?post=12"},{"taxonomy":"product_cat","embeddable":true,"href":"https:\/\/briketipood.ee\/en\/wp-json\/wp\/v2\/product_cat?post=12"},{"taxonomy":"product_tag","embeddable":true,"href":"https:\/\/briketipood.ee\/en\/wp-json\/wp\/v2\/product_tag?post=12"}],"curies":[{"name":"wp","href":"https:\/\/api.w.org\/{rel}","templated":true}]}}