{"id":14,"date":"2026-04-30T09:24:29","date_gmt":"2026-04-30T09:24:29","guid":{"rendered":"https:\/\/www.briketipood.ee\/?post_type=product&#038;p=14"},"modified":"2026-05-09T18:35:41","modified_gmt":"2026-05-09T15:35:41","slug":"okaspuitbrikett-a-klass","status":"publish","type":"product","link":"https:\/\/briketipood.ee\/en\/product\/okaspuitbrikett-a-klass\/","title":{"rendered":"Okaspuitbrikett"},"content":{"rendered":"<div class=\"et_pb_section_0 et_pb_section et_section_regular et_flex_section\"><\/div>","protected":false},"excerpt":{"rendered":"<p><strong>A-klass<\/strong><\/p>\n<p>Okaspuitbrikett on valmistatud m\u00e4nni ja kuuse puidust ning sobib h\u00e4sti neile, kes soovivad kiiret ja t\u00f5husat soojust. T\u00e4nu looduslikule vaigusisaldusele s\u00fcttib see brikett kergesti ja annab tugeva leegi. Hea valik nii igap\u00e4evaseks k\u00fctmiseks kui ka tule kiireks \u00fcles saamiseks. M\u00e4nd ja kuusk on tuntud kui h\u00e4sti s\u00fcttivad ja soojust kiiresti andvad puuliigid<\/p>","protected":false},"featured_media":45,"template":"","meta":{"_acf_changed":false},"product_brand":[],"product_cat":[17],"product_tag":[],"class_list":{"0":"post-14","1":"product","2":"type-product","3":"status-publish","4":"has-post-thumbnail","6":"product_cat-briketid","8":"first","9":"instock","10":"sale","11":"shipping-taxable","12":"purchasable","13":"product-type-simple"},"acf":[],"_links":{"self":[{"href":"https:\/\/briketipood.ee\/en\/wp-json\/wp\/v2\/product\/14","targetHints":{"allow":["GET"]}}],"collection":[{"href":"https:\/\/briketipood.ee\/en\/wp-json\/wp\/v2\/product"}],"about":[{"href":"https:\/\/briketipood.ee\/en\/wp-json\/wp\/v2\/types\/product"}],"wp:featuredmedia":[{"embeddable":true,"href":"https:\/\/briketipood.ee\/en\/wp-json\/wp\/v2\/media\/45"}],"wp:attachment":[{"href":"https:\/\/briketipood.ee\/en\/wp-json\/wp\/v2\/media?parent=14"}],"wp:term":[{"taxonomy":"product_brand","embeddable":true,"href":"https:\/\/briketipood.ee\/en\/wp-json\/wp\/v2\/product_brand?post=14"},{"taxonomy":"product_cat","embeddable":true,"href":"https:\/\/briketipood.ee\/en\/wp-json\/wp\/v2\/product_cat?post=14"},{"taxonomy":"product_tag","embeddable":true,"href":"https:\/\/briketipood.ee\/en\/wp-json\/wp\/v2\/product_tag?post=14"}],"curies":[{"name":"wp","href":"https:\/\/api.w.org\/{rel}","templated":true}]}}