{"id":17,"date":"2026-04-30T09:29:13","date_gmt":"2026-04-30T09:29:13","guid":{"rendered":"https:\/\/www.briketipood.ee\/?post_type=product&#038;p=17"},"modified":"2026-05-09T18:35:05","modified_gmt":"2026-05-09T15:35:05","slug":"segapuitbrikett-b-klass","status":"publish","type":"product","link":"https:\/\/briketipood.ee\/en\/product\/segapuitbrikett-b-klass\/","title":{"rendered":"Segapuitbrikett"},"content":{"rendered":"<div class=\"et_pb_section_0 et_pb_section et_section_regular et_block_section\">\r\n\r\n<div class=\"et_pb_row_0 et_pb_row et_block_row\">\r\n\r\n<div class=\"et_pb_column_0 et_pb_column et_pb_column_4_4 et-last-child et_block_column et_pb_css_mix_blend_mode_passthrough\">\r\n\r\n\r\n\r\n<div class=\"et_pb_wc_cart_notice_0 et_pb_wc_cart_notice et_pb_fields_layout_default et_pb_module\"><div class=\"et_pb_module_inner\">\n\t<div class=\"woocommerce-message\" role=\"alert\">\n\t\t&ldquo;Product Name&rdquo; has been added to cart.\t<\/div>\n<\/div><\/div><\/div><\/div>\r\n\r\n<div class=\"et_pb_row_1 et_pb_row et_block_row\">\r\n\r\n<div class=\"et_pb_column_1 et_pb_column et_pb_column_1_2 et_block_column et_pb_css_mix_blend_mode_passthrough\">\r\n\r\n<div class=\"et_pb_wc_images_0 et_pb_wc_images et_pb_module\"><div class=\"et_pb_module_inner\"><\/div><\/div><\/div>\r\n\r\n<div class=\"et_pb_column_2 et_pb_column et_pb_column_1_2 et-last-child et_block_column et_pb_css_mix_blend_mode_passthrough\">\r\n\r\n<div class=\"et_pb_wc_title_0 et_pb_wc_title et_pb_bg_layout_light et_pb_module\"><div class=\"et_pb_module_inner\">\n\t\t<h1>Segapuitbrikett<\/h1><\/div><\/div>\r\n\r\n\r\n\r\n\r\n\r\n\r\n\r\n\r\n\r\n<\/div><\/div>\r\n\r\n<div class=\"et_pb_row_2 et_pb_row et_block_row\">\r\n\r\n<div class=\"et_pb_column_3 et_pb_column et_pb_column_4_4 et-last-child et_block_column et_pb_css_mix_blend_mode_passthrough\">\r\n\r\n<div class=\"et_pb_wc_tabs_0 et_pb_wc_tabs et_pb_tabs et_pb_module\"><div class=\"et_pb_module_inner\"><ul class=\"et_pb_tabs_controls clearfix\"><\/ul><div class=\"et_pb_all_tabs\"><\/div><\/div><\/div>\r\n\r\n\r\n\r\n<\/div><\/div><\/div>","protected":false},"excerpt":{"rendered":"<p><strong>B-klass<\/strong><\/p>\n<p>B-klassi brikett t\u00e4histab keskmise kvaliteediga k\u00fcttematerjali, mis vastab standardi EN ISO 17225-3 kohaselt klassi B n\u00f5uetele. V\u00f5rreldes k\u00f5rgeima ehk A-klassiga, on sellel lubatud suurem tuhasisaldus ja laiem toorainevalik. Praktikas sobib B-klassi brikett h\u00e4sti suurematesse k\u00fcttekolletesse ja kateldesse, kus suurem tuhaj\u00e4\u00e4k ei tekita probleeme. V\u00e4iksemate kaminate v\u00f5i tundlikumate s\u00fcsteemide puhul eelistatakse tavaliselt A-klassi tooteid nende puhtuse ja minimaalse tuhasuse t\u00f5ttu.<\/p>","protected":false},"featured_media":336,"template":"","meta":{"_acf_changed":false},"product_brand":[],"product_cat":[17],"product_tag":[],"class_list":{"0":"post-17","1":"product","2":"type-product","3":"status-publish","4":"has-post-thumbnail","6":"product_cat-briketid","8":"first","9":"instock","10":"sale","11":"shipping-taxable","12":"purchasable","13":"product-type-simple"},"acf":[],"_links":{"self":[{"href":"https:\/\/briketipood.ee\/en\/wp-json\/wp\/v2\/product\/17","targetHints":{"allow":["GET"]}}],"collection":[{"href":"https:\/\/briketipood.ee\/en\/wp-json\/wp\/v2\/product"}],"about":[{"href":"https:\/\/briketipood.ee\/en\/wp-json\/wp\/v2\/types\/product"}],"wp:featuredmedia":[{"embeddable":true,"href":"https:\/\/briketipood.ee\/en\/wp-json\/wp\/v2\/media\/336"}],"wp:attachment":[{"href":"https:\/\/briketipood.ee\/en\/wp-json\/wp\/v2\/media?parent=17"}],"wp:term":[{"taxonomy":"product_brand","embeddable":true,"href":"https:\/\/briketipood.ee\/en\/wp-json\/wp\/v2\/product_brand?post=17"},{"taxonomy":"product_cat","embeddable":true,"href":"https:\/\/briketipood.ee\/en\/wp-json\/wp\/v2\/product_cat?post=17"},{"taxonomy":"product_tag","embeddable":true,"href":"https:\/\/briketipood.ee\/en\/wp-json\/wp\/v2\/product_tag?post=17"}],"curies":[{"name":"wp","href":"https:\/\/api.w.org\/{rel}","templated":true}]}}